{"id":3508,"date":"2025-03-20T16:00:31","date_gmt":"2025-03-20T16:00:31","guid":{"rendered":"https:\/\/www.toiture-sens.fr\/?page_id=3508"},"modified":"2025-07-08T17:17:09","modified_gmt":"2025-07-08T17:17:09","slug":"services-velux","status":"publish","type":"page","link":"https:\/\/www.toiture-teste-de-buch.fr\/?page_id=3508","title":{"rendered":"Services Velux"},"content":{"rendered":"\t\t<div data-elementor-type=\"wp-page\" data-elementor-id=\"3508\" class=\"elementor elementor-3508\" data-elementor-settings=\"{&quot;ha_cmc_init_switcher&quot;:&quot;no&quot;}\">\n\t\t\t\t<div class=\"elementor-element elementor-element-1b09761e e-con-full e-flex e-con e-parent\" data-id=\"1b09761e\" data-element_type=\"container\" data-settings=\"{&quot;background_background&quot;:&quot;classic&quot;,&quot;_ha_eqh_enable&quot;:false}\">\n\t\t\t\t<div class=\"elementor-element elementor-element-73dd2963 elementor-widget elementor-widget-heading\" data-id=\"73dd2963\" data-element_type=\"widget\" data-widget_type=\"heading.default\">\n\t\t\t\t<div class=\"elementor-widget-container\">\n\t\t\t\t\t<h1 class=\"elementor-heading-title elementor-size-default\">Fen\u00eatres de Toit  VELUX<\/h1>\t\t\t\t<\/div>\n\t\t\t\t<\/div>\n\t\t\t\t<\/div>\n\t\t<div class=\"elementor-element elementor-element-35f1fb8a e-flex e-con-boxed e-con e-parent\" data-id=\"35f1fb8a\" data-element_type=\"container\" data-settings=\"{&quot;_ha_eqh_enable&quot;:false}\">\n\t\t\t\t\t<div class=\"e-con-inner\">\n\t\t<div class=\"elementor-element elementor-element-426bdcfc e-con-full e-flex e-con e-child\" data-id=\"426bdcfc\" data-element_type=\"container\" data-settings=\"{&quot;_ha_eqh_enable&quot;:false}\">\n\t\t\t\t<div class=\"elementor-element elementor-element-7ada7c80 elementor-widget elementor-widget-text-editor\" data-id=\"7ada7c80\" data-element_type=\"widget\" data-widget_type=\"text-editor.default\">\n\t\t\t\t<div class=\"elementor-widget-container\">\n\t\t\t\t\t\t\t\t\tGr\u00e2ce \u00e0 son savoir-faire en couverture, Toiture Teste-de-Buch vous accompagne dans l\u2019installation de fen\u00eatres de toit Velux\u00ae. En tant qu\u2019Installateurs Conseil agr\u00e9\u00e9s, nous vous guidons pour choisir la solution d\u2019\u00e9clairage naturel la plus adapt\u00e9e \u00e0 votre int\u00e9rieur et \u00e0 la configuration de votre toiture.<br><br>\n\nVotre toit est plat ou \u00e0 faible pente ? Vous souhaitez plus de lumi\u00e8re dans vos espaces ? Nous installons des fen\u00eatres coupoles, con\u00e7ues pour optimiser la diffusion de la lumi\u00e8re, m\u00eame dans les pi\u00e8ces sans ouvertures verticales.\t\t\t\t\t\t\t\t<\/div>\n\t\t\t\t<\/div>\n\t\t\t\t<div class=\"elementor-element elementor-element-c7c780d elementor-widget elementor-widget-heading\" data-id=\"c7c780d\" data-element_type=\"widget\" data-widget_type=\"heading.default\">\n\t\t\t\t<div class=\"elementor-widget-container\">\n\t\t\t\t\t<h2 class=\"elementor-heading-title elementor-size-default\">Les avantages des fen\u00eatres de toit<\/h2>\t\t\t\t<\/div>\n\t\t\t\t<\/div>\n\t\t\t\t<div class=\"elementor-element elementor-element-fc80b74 elementor-widget elementor-widget-text-editor\" data-id=\"fc80b74\" data-element_type=\"widget\" data-widget_type=\"text-editor.default\">\n\t\t\t\t<div class=\"elementor-widget-container\">\n\t\t\t\t\t\t\t\t\tInstaller une fen\u00eatre de toit est une solution id\u00e9ale pour am\u00e9liorer la luminosit\u00e9 et l\u2019a\u00e9ration de vos combles. En fonction du mod\u00e8le choisi, c\u2019est une option abordable qui augmente \u00e0 la fois le confort et l\u2019usage de l\u2019espace.<br><br>\n\n\u00c0 la diff\u00e9rence d\u2019une fen\u00eatre verticale, une ouverture inclin\u00e9e suit la pente du toit, captant davantage de lumi\u00e8re naturelle au fil de la journ\u00e9e et favorisant une bonne circulation de l\u2019air.<br><br>\n\nToiture Teste-de-Buch vous conseille et installe la fen\u00eatre de toit la plus adapt\u00e9e \u00e0 votre configuration. Pour un accompagnement sur mesure, contactez-nous d\u00e8s aujourd\u2019hui !\t\t\t\t\t\t\t\t<\/div>\n\t\t\t\t<\/div>\n\t\t\t\t<div class=\"elementor-element elementor-element-892a805 elementor-widget elementor-widget-image\" data-id=\"892a805\" data-element_type=\"widget\" data-widget_type=\"image.default\">\n\t\t\t\t<div class=\"elementor-widget-container\">\n\t\t\t\t\t\t\t\t\t\t\t\t\t\t\t<img fetchpriority=\"high\" decoding=\"async\" width=\"980\" height=\"750\" src=\"https:\/\/www.toiture-teste-de-buch.fr\/wp-content\/uploads\/2025\/06\/Design-sans-titre-68.png\" class=\"attachment-full size-full wp-image-4460\" alt=\"\" srcset=\"https:\/\/www.toiture-teste-de-buch.fr\/wp-content\/uploads\/2025\/06\/Design-sans-titre-68.png 980w, https:\/\/www.toiture-teste-de-buch.fr\/wp-content\/uploads\/2025\/06\/Design-sans-titre-68-300x230.png 300w, https:\/\/www.toiture-teste-de-buch.fr\/wp-content\/uploads\/2025\/06\/Design-sans-titre-68-768x588.png 768w\" sizes=\"(max-width: 980px) 100vw, 980px\" \/>\t\t\t\t\t\t\t\t\t\t\t\t\t\t\t<\/div>\n\t\t\t\t<\/div>\n\t\t\t\t<div class=\"elementor-element elementor-element-7a13e7a5 elementor-widget elementor-widget-heading\" data-id=\"7a13e7a5\" data-element_type=\"widget\" data-widget_type=\"heading.default\">\n\t\t\t\t<div class=\"elementor-widget-container\">\n\t\t\t\t\t<h2 class=\"elementor-heading-title elementor-size-default\">Les \u00e9quipements de vos fen\u00eatres de toit VELUX<\/h2>\t\t\t\t<\/div>\n\t\t\t\t<\/div>\n\t\t\t\t<div class=\"elementor-element elementor-element-23f07cee elementor-widget elementor-widget-text-editor\" data-id=\"23f07cee\" data-element_type=\"widget\" data-widget_type=\"text-editor.default\">\n\t\t\t\t<div class=\"elementor-widget-container\">\n\t\t\t\t\t\t\t\t\tPour am\u00e9liorer votre confort, nous \u00e9quipons vos fen\u00eatres de toit avec une gamme d\u2019accessoires Velux\u00ae adapt\u00e9s \u00e0 vos besoins : stores int\u00e9rieurs, volets roulants motoris\u00e9s (solaires ou \u00e9lectriques), pour un contr\u00f4le optimal de la lumi\u00e8re, de la chaleur et de l\u2019intimit\u00e9.<br><br>\n\nLa domotique s\u2019invite aussi chez vous ! Avec le syst\u00e8me Velux\u00ae Active with Netatmo, connect\u00e9 \u00e0 votre box Internet, vous pilotez \u00e0 distance tous vos \u00e9quipements. Des capteurs intelligents mesurent le CO\u2082, la temp\u00e9rature et l\u2019humidit\u00e9 pour ajuster automatiquement l\u2019ouverture des fen\u00eatres et stores, cr\u00e9ant un int\u00e9rieur confortable et sain.\t\t\t\t\t\t\t\t<\/div>\n\t\t\t\t<\/div>\n\t\t\t\t<\/div>\n\t\t<div class=\"elementor-element elementor-element-484abeb7 e-con-full e-flex e-con e-child\" data-id=\"484abeb7\" data-element_type=\"container\" data-settings=\"{&quot;_ha_eqh_enable&quot;:false}\">\n\t\t<div class=\"elementor-element elementor-element-379f4004 e-con-full e-flex e-con e-child\" data-id=\"379f4004\" data-element_type=\"container\" data-settings=\"{&quot;background_background&quot;:&quot;classic&quot;,&quot;_ha_eqh_enable&quot;:false}\">\n\t\t\t\t<div class=\"elementor-element elementor-element-5c35450a elementor-widget-tablet__width-initial elementor-widget elementor-widget-ehome-contact-form-widget\" data-id=\"5c35450a\" data-element_type=\"widget\" data-widget_type=\"ehome-contact-form-widget.default\">\n\t\t\t\t<div class=\"elementor-widget-container\">\n\t\t\t\t\t\r\n\r\n\t\r\n\r\n\t<div class=\"contact-wrapper\">\r\n\t\t<div class=\"contact-items\">\r\n\t\t\t<h3>DEVIS GRATUIT<\/h3>\r\n\t\t\t\n<div class=\"wpcf7 no-js\" id=\"wpcf7-f2979-o1\" lang=\"en-US\" dir=\"ltr\" data-wpcf7-id=\"2979\">\n<div class=\"screen-reader-response\"><p role=\"status\" aria-live=\"polite\" aria-atomic=\"true\"><\/p> <ul><\/ul><\/div>\n<form action=\"\/index.php?rest_route=%2Fwp%2Fv2%2Fpages%2F3508#wpcf7-f2979-o1\" method=\"post\" class=\"wpcf7-form init\" aria-label=\"Contact form\" novalidate=\"novalidate\" data-status=\"init\">\n<fieldset class=\"hidden-fields-container\"><input type=\"hidden\" name=\"_wpcf7\" value=\"2979\" \/><input type=\"hidden\" name=\"_wpcf7_version\" value=\"6.1.5\" \/><input type=\"hidden\" name=\"_wpcf7_locale\" value=\"en_US\" \/><input type=\"hidden\" name=\"_wpcf7_unit_tag\" value=\"wpcf7-f2979-o1\" \/><input type=\"hidden\" name=\"_wpcf7_container_post\" value=\"0\" \/><input type=\"hidden\" name=\"_wpcf7_posted_data_hash\" value=\"\" \/>\n<\/fieldset>\n<div class=\"row g-4\">\n    <div class=\"col-lg-12 wow fadeInUp\">\n        <div class=\"form-clt\">\n            <span class=\"wpcf7-form-control-wrap\" data-name=\"text-437\"><input size=\"40\" maxlength=\"400\" class=\"wpcf7-form-control wpcf7-text\" aria-invalid=\"false\" placeholder=\"Nom\" value=\"\" type=\"text\" name=\"text-437\" \/><\/span>           \n        <\/div>\n    <\/div>\n  \n    <div class=\"col-lg-12 wow fadeInUp\">\n        <div class=\"form-clt\">\n            <span class=\"wpcf7-form-control-wrap\" data-name=\"tel-478\"><input size=\"40\" maxlength=\"400\" class=\"wpcf7-form-control wpcf7-tel wpcf7-text wpcf7-validates-as-tel\" aria-invalid=\"false\" placeholder=\"T\u00e9l\u00e9phone\" value=\"\" type=\"tel\" name=\"tel-478\" \/><\/span>\n        <\/div>\n    <\/div>\n    <div class=\"col-lg-12 wow fadeInUp\">\n        <div class=\"form-clt\">\n            <span class=\"wpcf7-form-control-wrap\" data-name=\"email-879\"><input size=\"40\" maxlength=\"400\" class=\"wpcf7-form-control wpcf7-email wpcf7-validates-as-required wpcf7-text wpcf7-validates-as-email\" aria-required=\"true\" aria-invalid=\"false\" placeholder=\"Email\" value=\"\" type=\"email\" name=\"email-879\" \/><\/span>\n        <\/div>\n    <\/div>\n    <div class=\"col-lg-12 wow fadeInUp\">\n        <div class=\"form-clt\">\n            <span class=\"wpcf7-form-control-wrap\" data-name=\"textarea-515\"><textarea cols=\"40\" rows=\"10\" maxlength=\"2000\" class=\"wpcf7-form-control wpcf7-textarea\" aria-invalid=\"false\" placeholder=\"Message\" name=\"textarea-515\"><\/textarea><\/span>\n        <\/div>\n    <\/div>\n    <div class=\"col-lg-12 wow fadeInUp\">\n        <button type=\"submit\" class=\"theme-btn w-100\">\n            ENVOYER\n        <\/button>\n    <\/div>\n<\/div><div class=\"wpcf7-response-output\" aria-hidden=\"true\"><\/div>\n<\/form>\n<\/div>\n\t\t<\/div>    \r\n    <\/div>\r\n\r\n\t\r\n\r\n             \r\n\t\t\t\t\t\t<\/div>\n\t\t\t\t<\/div>\n\t\t\t\t<\/div>\n\t\t\t\t<\/div>\n\t\t\t\t\t<\/div>\n\t\t\t\t<\/div>\n\t\t\t\t<\/div>\n\t\t","protected":false},"excerpt":{"rendered":"<p>Fen\u00eatres de Toit VELUX Gr\u00e2ce \u00e0 son savoir-faire en couverture, Toiture Teste-de-Buch vous accompagne dans l\u2019installation de fen\u00eatres de toit Velux\u00ae. En tant qu\u2019Installateurs Conseil agr\u00e9\u00e9s, nous vous guidons pour choisir la solution d\u2019\u00e9clairage naturel la plus adapt\u00e9e \u00e0 votre int\u00e9rieur et \u00e0 la configuration de votre toiture. Votre toit est plat ou \u00e0 faible<\/p>\n","protected":false},"author":2,"featured_media":0,"parent":0,"menu_order":0,"comment_status":"closed","ping_status":"closed","template":"elementor_header_footer","meta":{"inline_featured_image":false,"footnotes":""},"class_list":["post-3508","page","type-page","status-publish","hentry"],"aioseo_notices":[],"_links":{"self":[{"href":"https:\/\/www.toiture-teste-de-buch.fr\/index.php?rest_route=\/wp\/v2\/pages\/3508","targetHints":{"allow":["GET"]}}],"collection":[{"href":"https:\/\/www.toiture-teste-de-buch.fr\/index.php?rest_route=\/wp\/v2\/pages"}],"about":[{"href":"https:\/\/www.toiture-teste-de-buch.fr\/index.php?rest_route=\/wp\/v2\/types\/page"}],"author":[{"embeddable":true,"href":"https:\/\/www.toiture-teste-de-buch.fr\/index.php?rest_route=\/wp\/v2\/users\/2"}],"replies":[{"embeddable":true,"href":"https:\/\/www.toiture-teste-de-buch.fr\/index.php?rest_route=%2Fwp%2Fv2%2Fcomments&post=3508"}],"version-history":[{"count":0,"href":"https:\/\/www.toiture-teste-de-buch.fr\/index.php?rest_route=\/wp\/v2\/pages\/3508\/revisions"}],"wp:attachment":[{"href":"https:\/\/www.toiture-teste-de-buch.fr\/index.php?rest_route=%2Fwp%2Fv2%2Fmedia&parent=3508"}],"curies":[{"name":"wp","href":"https:\/\/api.w.org\/{rel}","templated":true}]}}