{"id":3437,"date":"2025-03-20T14:27:42","date_gmt":"2025-03-20T14:27:42","guid":{"rendered":"https:\/\/www.toiture-sens.fr\/?page_id=3437"},"modified":"2025-07-08T17:05:50","modified_gmt":"2025-07-08T17:05:50","slug":"services-faitage","status":"publish","type":"page","link":"https:\/\/www.toiture-teste-de-buch.fr\/?page_id=3437","title":{"rendered":"Services Faitage"},"content":{"rendered":"\t\t<div data-elementor-type=\"wp-page\" data-elementor-id=\"3437\" class=\"elementor elementor-3437\" data-elementor-settings=\"{&quot;ha_cmc_init_switcher&quot;:&quot;no&quot;}\">\n\t\t\t\t<div class=\"elementor-element elementor-element-1b09761e e-con-full e-flex e-con e-parent\" data-id=\"1b09761e\" data-element_type=\"container\" data-settings=\"{&quot;background_background&quot;:&quot;classic&quot;,&quot;_ha_eqh_enable&quot;:false}\">\n\t\t\t\t<div class=\"elementor-element elementor-element-73dd2963 elementor-widget elementor-widget-heading\" data-id=\"73dd2963\" data-element_type=\"widget\" data-widget_type=\"heading.default\">\n\t\t\t\t<div class=\"elementor-widget-container\">\n\t\t\t\t\t<h1 class=\"elementor-heading-title elementor-size-default\">R\u00e9paration Fa\u00eetage<\/h1>\t\t\t\t<\/div>\n\t\t\t\t<\/div>\n\t\t\t\t<\/div>\n\t\t<div class=\"elementor-element elementor-element-35f1fb8a e-flex e-con-boxed e-con e-parent\" data-id=\"35f1fb8a\" data-element_type=\"container\" data-settings=\"{&quot;_ha_eqh_enable&quot;:false}\">\n\t\t\t\t\t<div class=\"e-con-inner\">\n\t\t<div class=\"elementor-element elementor-element-426bdcfc e-con-full e-flex e-con e-child\" data-id=\"426bdcfc\" data-element_type=\"container\" data-settings=\"{&quot;_ha_eqh_enable&quot;:false}\">\n\t\t\t\t<div class=\"elementor-element elementor-element-fc973bc elementor-widget elementor-widget-text-editor\" data-id=\"fc973bc\" data-element_type=\"widget\" data-widget_type=\"text-editor.default\">\n\t\t\t\t<div class=\"elementor-widget-container\">\n\t\t\t\t\t\t\t\t\t<p data-start=\"97\" data-end=\"379\">Votre toiture a subi des dommages \u00e0 la suite d\u2019un orage ou d\u2019un \u00e9pisode de gr\u00eale ? Une intervention sur le fa\u00eetage est indispensable pour pr\u00e9server l\u2019\u00e9tanch\u00e9it\u00e9 et l\u2019apparence de votre toit. Ne laissez pas le probl\u00e8me s\u2019aggraver, contactez Toiture Teste-de-Buch d\u00e8s maintenant !<\/p><p data-start=\"97\" data-end=\"379\">\u00a0<\/p><p data-start=\"381\" data-end=\"609\">Implant\u00e9s \u00e0 La Teste-de-Buch, nous intervenons rapidement dans toute la Gironde (33) pour vos travaux de fa\u00eetage. Gr\u00e2ce \u00e0 notre savoir-faire et \u00e0 une grande rigueur, nous assurons des r\u00e9parations efficaces, soign\u00e9es et durables.<\/p>\t\t\t\t\t\t\t\t<\/div>\n\t\t\t\t<\/div>\n\t\t\t\t<div class=\"elementor-element elementor-element-c7c780d elementor-widget elementor-widget-heading\" data-id=\"c7c780d\" data-element_type=\"widget\" data-widget_type=\"heading.default\">\n\t\t\t\t<div class=\"elementor-widget-container\">\n\t\t\t\t\t<h2 class=\"elementor-heading-title elementor-size-default\">Des prestations de qualit\u00e9 avec Toiture Teste-de-Buch<\/h2>\t\t\t\t<\/div>\n\t\t\t\t<\/div>\n\t\t\t\t<div class=\"elementor-element elementor-element-7ada7c80 elementor-widget elementor-widget-text-editor\" data-id=\"7ada7c80\" data-element_type=\"widget\" data-widget_type=\"text-editor.default\">\n\t\t\t\t<div class=\"elementor-widget-container\">\n\t\t\t\t\t\t\t\t\tPour r\u00e9nover, entretenir ou r\u00e9parer votre toiture, faites confiance \u00e0 Toiture Teste-de-Buch. Notre \u00e9quipe exp\u00e9riment\u00e9e intervient sur le fa\u00eetage, r\u00e9alise le nettoyage, applique des traitements hydrofuges et assure la r\u00e9novation compl\u00e8te de votre couverture.<br><br>\n\nAvec plus de 10 ans d\u2019expertise, nous garantissons des travaux solides, durables et conformes aux normes en vigueur. En compl\u00e9ment, nous prenons aussi en charge la peinture de fa\u00e7ade, le ravalement, le rev\u00eatement et la recoloration des toitures.<br><br>\n\nExpos\u00e9e en permanence aux intemp\u00e9ries \u2014 pluie, vent, neige ou infiltration \u2014 votre toiture m\u00e9rite un entretien r\u00e9gulier pour pr\u00e9server sa long\u00e9vit\u00e9 et \u00e9viter des d\u00e9gradations co\u00fbteuses.<br><br>\n\nCes interventions doivent \u00eatre confi\u00e9es \u00e0 un professionnel qualifi\u00e9. Chez Toiture Teste-de-Buch, la toiture est notre c\u0153ur de m\u00e9tier. Disponibles 7j\/7, nous vous assurons un service rapide, soign\u00e9 et \u00e0 l\u2019\u00e9coute de vos besoins.\t\t\t\t\t\t\t\t<\/div>\n\t\t\t\t<\/div>\n\t\t\t\t<div class=\"elementor-element elementor-element-2df13f7 elementor-widget elementor-widget-image\" data-id=\"2df13f7\" data-element_type=\"widget\" data-widget_type=\"image.default\">\n\t\t\t\t<div class=\"elementor-widget-container\">\n\t\t\t\t\t\t\t\t\t\t\t\t\t\t\t<img fetchpriority=\"high\" decoding=\"async\" width=\"1280\" height=\"720\" src=\"https:\/\/www.toiture-teste-de-buch.fr\/wp-content\/uploads\/2025\/06\/maxresdefault.jpg\" class=\"attachment-full size-full wp-image-4565\" alt=\"\" srcset=\"https:\/\/www.toiture-teste-de-buch.fr\/wp-content\/uploads\/2025\/06\/maxresdefault.jpg 1280w, https:\/\/www.toiture-teste-de-buch.fr\/wp-content\/uploads\/2025\/06\/maxresdefault-300x169.jpg 300w, https:\/\/www.toiture-teste-de-buch.fr\/wp-content\/uploads\/2025\/06\/maxresdefault-1024x576.jpg 1024w, https:\/\/www.toiture-teste-de-buch.fr\/wp-content\/uploads\/2025\/06\/maxresdefault-768x432.jpg 768w\" sizes=\"(max-width: 1280px) 100vw, 1280px\" \/>\t\t\t\t\t\t\t\t\t\t\t\t\t\t\t<\/div>\n\t\t\t\t<\/div>\n\t\t\t\t<div class=\"elementor-element elementor-element-7a13e7a5 elementor-widget elementor-widget-heading\" data-id=\"7a13e7a5\" data-element_type=\"widget\" data-widget_type=\"heading.default\">\n\t\t\t\t<div class=\"elementor-widget-container\">\n\t\t\t\t\t<h2 class=\"elementor-heading-title elementor-size-default\">R\u00e9paration de fa\u00eetage \u00e0 Teste-de-Buch \u2013 Gironde (33) : Toiture Teste-de-Buch, un service fiable et garanti<\/h2>\t\t\t\t<\/div>\n\t\t\t\t<\/div>\n\t\t\t\t<div class=\"elementor-element elementor-element-23f07cee elementor-widget elementor-widget-text-editor\" data-id=\"23f07cee\" data-element_type=\"widget\" data-widget_type=\"text-editor.default\">\n\t\t\t\t<div class=\"elementor-widget-container\">\n\t\t\t\t\t\t\t\t\tChez Toiture Teste-de-Buch, votre satisfaction est notre priorit\u00e9. Pour chaque r\u00e9paration de fa\u00eetage, nous vous assurons une intervention rapide, soign\u00e9e et r\u00e9alis\u00e9e avec s\u00e9rieux. Gr\u00e2ce \u00e0 des \u00e9quipements professionnels et une expertise confirm\u00e9e, nous ma\u00eetrisons toutes les \u00e9tapes : pr\u00e9paration du support, pose du closoir, fixation de la lisse, marouflage et installation des fa\u00eeti\u00e8res ou ar\u00eatiers.<br><br>\n\nNos couvreurs vous conseillent selon les caract\u00e9ristiques de votre toiture : inclinaison, mat\u00e9riau et configuration sp\u00e9cifique. Toutes nos interventions sont couvertes par une garantie d\u00e9cennale, gage de tranquillit\u00e9 et de fiabilit\u00e9 sur le long terme.<br><br>\n\nPour limiter les r\u00e9parations importantes, nous intervenons de mani\u00e8re pr\u00e9ventive en d\u00e9tectant les d\u00e9fauts d\u00e8s leur apparition.<br><br>\n\nChez Toiture Teste-de-Buch, chaque projet est r\u00e9alis\u00e9 avec soin et professionnalisme. Que vous ayez besoin d\u2019un entretien, d\u2019une r\u00e9paration cibl\u00e9e ou d\u2019une r\u00e9novation compl\u00e8te, notre \u00e9quipe reste disponible 7j\/7 pour r\u00e9pondre rapidement \u00e0 vos besoins.\t\t\t\t\t\t\t\t<\/div>\n\t\t\t\t<\/div>\n\t\t\t\t<\/div>\n\t\t<div class=\"elementor-element elementor-element-484abeb7 e-con-full e-flex e-con e-child\" data-id=\"484abeb7\" data-element_type=\"container\" data-settings=\"{&quot;_ha_eqh_enable&quot;:false}\">\n\t\t<div class=\"elementor-element elementor-element-379f4004 e-con-full e-flex e-con e-child\" data-id=\"379f4004\" data-element_type=\"container\" data-settings=\"{&quot;background_background&quot;:&quot;classic&quot;,&quot;_ha_eqh_enable&quot;:false}\">\n\t\t\t\t<div class=\"elementor-element elementor-element-5c35450a elementor-widget-tablet__width-initial elementor-widget elementor-widget-ehome-contact-form-widget\" data-id=\"5c35450a\" data-element_type=\"widget\" data-widget_type=\"ehome-contact-form-widget.default\">\n\t\t\t\t<div class=\"elementor-widget-container\">\n\t\t\t\t\t\r\n\r\n\t\r\n\r\n\t<div class=\"contact-wrapper\">\r\n\t\t<div class=\"contact-items\">\r\n\t\t\t<h3>DEVIS GRATUIT<\/h3>\r\n\t\t\t\n<div class=\"wpcf7 no-js\" id=\"wpcf7-f2979-o1\" lang=\"en-US\" dir=\"ltr\" data-wpcf7-id=\"2979\">\n<div class=\"screen-reader-response\"><p role=\"status\" aria-live=\"polite\" aria-atomic=\"true\"><\/p> <ul><\/ul><\/div>\n<form action=\"\/index.php?rest_route=%2Fwp%2Fv2%2Fpages%2F3437#wpcf7-f2979-o1\" method=\"post\" class=\"wpcf7-form init\" aria-label=\"Contact form\" novalidate=\"novalidate\" data-status=\"init\">\n<fieldset class=\"hidden-fields-container\"><input type=\"hidden\" name=\"_wpcf7\" value=\"2979\" \/><input type=\"hidden\" name=\"_wpcf7_version\" value=\"6.1.5\" \/><input type=\"hidden\" name=\"_wpcf7_locale\" value=\"en_US\" \/><input type=\"hidden\" name=\"_wpcf7_unit_tag\" value=\"wpcf7-f2979-o1\" \/><input type=\"hidden\" name=\"_wpcf7_container_post\" value=\"0\" \/><input type=\"hidden\" name=\"_wpcf7_posted_data_hash\" value=\"\" \/>\n<\/fieldset>\n<div class=\"row g-4\">\n    <div class=\"col-lg-12 wow fadeInUp\">\n        <div class=\"form-clt\">\n            <span class=\"wpcf7-form-control-wrap\" data-name=\"text-437\"><input size=\"40\" maxlength=\"400\" class=\"wpcf7-form-control wpcf7-text\" aria-invalid=\"false\" placeholder=\"Nom\" value=\"\" type=\"text\" name=\"text-437\" \/><\/span>           \n        <\/div>\n    <\/div>\n  \n    <div class=\"col-lg-12 wow fadeInUp\">\n        <div class=\"form-clt\">\n            <span class=\"wpcf7-form-control-wrap\" data-name=\"tel-478\"><input size=\"40\" maxlength=\"400\" class=\"wpcf7-form-control wpcf7-tel wpcf7-text wpcf7-validates-as-tel\" aria-invalid=\"false\" placeholder=\"T\u00e9l\u00e9phone\" value=\"\" type=\"tel\" name=\"tel-478\" \/><\/span>\n        <\/div>\n    <\/div>\n    <div class=\"col-lg-12 wow fadeInUp\">\n        <div class=\"form-clt\">\n            <span class=\"wpcf7-form-control-wrap\" data-name=\"email-879\"><input size=\"40\" maxlength=\"400\" class=\"wpcf7-form-control wpcf7-email wpcf7-validates-as-required wpcf7-text wpcf7-validates-as-email\" aria-required=\"true\" aria-invalid=\"false\" placeholder=\"Email\" value=\"\" type=\"email\" name=\"email-879\" \/><\/span>\n        <\/div>\n    <\/div>\n    <div class=\"col-lg-12 wow fadeInUp\">\n        <div class=\"form-clt\">\n            <span class=\"wpcf7-form-control-wrap\" data-name=\"textarea-515\"><textarea cols=\"40\" rows=\"10\" maxlength=\"2000\" class=\"wpcf7-form-control wpcf7-textarea\" aria-invalid=\"false\" placeholder=\"Message\" name=\"textarea-515\"><\/textarea><\/span>\n        <\/div>\n    <\/div>\n    <div class=\"col-lg-12 wow fadeInUp\">\n        <button type=\"submit\" class=\"theme-btn w-100\">\n            ENVOYER\n        <\/button>\n    <\/div>\n<\/div><div class=\"wpcf7-response-output\" aria-hidden=\"true\"><\/div>\n<\/form>\n<\/div>\n\t\t<\/div>    \r\n    <\/div>\r\n\r\n\t\r\n\r\n             \r\n\t\t\t\t\t\t<\/div>\n\t\t\t\t<\/div>\n\t\t\t\t<\/div>\n\t\t\t\t<\/div>\n\t\t\t\t\t<\/div>\n\t\t\t\t<\/div>\n\t\t\t\t<\/div>\n\t\t","protected":false},"excerpt":{"rendered":"<p>R\u00e9paration Fa\u00eetage Votre toiture a subi des dommages \u00e0 la suite d\u2019un orage ou d\u2019un \u00e9pisode de gr\u00eale ? Une intervention sur le fa\u00eetage est indispensable pour pr\u00e9server l\u2019\u00e9tanch\u00e9it\u00e9 et l\u2019apparence de votre toit. Ne laissez pas le probl\u00e8me s\u2019aggraver, contactez Toiture Teste-de-Buch d\u00e8s maintenant ! \u00a0 Implant\u00e9s \u00e0 La Teste-de-Buch, nous intervenons rapidement dans<\/p>\n","protected":false},"author":2,"featured_media":0,"parent":0,"menu_order":0,"comment_status":"closed","ping_status":"closed","template":"elementor_header_footer","meta":{"inline_featured_image":false,"footnotes":""},"class_list":["post-3437","page","type-page","status-publish","hentry"],"aioseo_notices":[],"_links":{"self":[{"href":"https:\/\/www.toiture-teste-de-buch.fr\/index.php?rest_route=\/wp\/v2\/pages\/3437","targetHints":{"allow":["GET"]}}],"collection":[{"href":"https:\/\/www.toiture-teste-de-buch.fr\/index.php?rest_route=\/wp\/v2\/pages"}],"about":[{"href":"https:\/\/www.toiture-teste-de-buch.fr\/index.php?rest_route=\/wp\/v2\/types\/page"}],"author":[{"embeddable":true,"href":"https:\/\/www.toiture-teste-de-buch.fr\/index.php?rest_route=\/wp\/v2\/users\/2"}],"replies":[{"embeddable":true,"href":"https:\/\/www.toiture-teste-de-buch.fr\/index.php?rest_route=%2Fwp%2Fv2%2Fcomments&post=3437"}],"version-history":[{"count":0,"href":"https:\/\/www.toiture-teste-de-buch.fr\/index.php?rest_route=\/wp\/v2\/pages\/3437\/revisions"}],"wp:attachment":[{"href":"https:\/\/www.toiture-teste-de-buch.fr\/index.php?rest_route=%2Fwp%2Fv2%2Fmedia&parent=3437"}],"curies":[{"name":"wp","href":"https:\/\/api.w.org\/{rel}","templated":true}]}}