{"id":3327,"date":"2025-03-20T13:11:01","date_gmt":"2025-03-20T13:11:01","guid":{"rendered":"https:\/\/www.toiture-sens.fr\/?page_id=3327"},"modified":"2025-07-08T16:42:23","modified_gmt":"2025-07-08T16:42:23","slug":"services-reparation","status":"publish","type":"page","link":"https:\/\/www.toiture-teste-de-buch.fr\/?page_id=3327","title":{"rendered":"Services R\u00e9paration"},"content":{"rendered":"\t\t<div data-elementor-type=\"wp-page\" data-elementor-id=\"3327\" class=\"elementor elementor-3327\" data-elementor-settings=\"{&quot;ha_cmc_init_switcher&quot;:&quot;no&quot;}\">\n\t\t\t\t<div class=\"elementor-element elementor-element-1b09761e e-con-full e-flex e-con e-parent\" data-id=\"1b09761e\" data-element_type=\"container\" data-settings=\"{&quot;background_background&quot;:&quot;classic&quot;,&quot;_ha_eqh_enable&quot;:false}\">\n\t\t\t\t<div class=\"elementor-element elementor-element-73dd2963 elementor-widget elementor-widget-heading\" data-id=\"73dd2963\" data-element_type=\"widget\" data-widget_type=\"heading.default\">\n\t\t\t\t<div class=\"elementor-widget-container\">\n\t\t\t\t\t<h1 class=\"elementor-heading-title elementor-size-default\">R\u00e9paration de Toiture<\/h1>\t\t\t\t<\/div>\n\t\t\t\t<\/div>\n\t\t\t\t<\/div>\n\t\t<div class=\"elementor-element elementor-element-35f1fb8a e-flex e-con-boxed e-con e-parent\" data-id=\"35f1fb8a\" data-element_type=\"container\" data-settings=\"{&quot;_ha_eqh_enable&quot;:false}\">\n\t\t\t\t\t<div class=\"e-con-inner\">\n\t\t<div class=\"elementor-element elementor-element-426bdcfc e-con-full e-flex e-con e-child\" data-id=\"426bdcfc\" data-element_type=\"container\" data-settings=\"{&quot;_ha_eqh_enable&quot;:false}\">\n\t\t\t\t<div class=\"elementor-element elementor-element-7ada7c80 elementor-widget elementor-widget-text-editor\" data-id=\"7ada7c80\" data-element_type=\"widget\" data-widget_type=\"text-editor.default\">\n\t\t\t\t<div class=\"elementor-widget-container\">\n\t\t\t\t\t\t\t\t\tVous habitez Teste-de-Buch ou les alentours et souhaitez faire des travaux sur votre toiture ?<br><br>\n\nToiture Teste-de-Buch vous accompagne dans tous vos projets de couverture. Qu\u2019il s\u2019agisse d\u2019une r\u00e9paration, d\u2019un entretien ou d\u2019une r\u00e9novation, notre \u00e9quipe exp\u00e9riment\u00e9e vous assure un r\u00e9sultat durable, soign\u00e9 et parfaitement adapt\u00e9 \u00e0 votre toiture et vos besoins.\t\t\t\t\t\t\t\t<\/div>\n\t\t\t\t<\/div>\n\t\t\t\t<div class=\"elementor-element elementor-element-c7c780d elementor-widget elementor-widget-heading\" data-id=\"c7c780d\" data-element_type=\"widget\" data-widget_type=\"heading.default\">\n\t\t\t\t<div class=\"elementor-widget-container\">\n\t\t\t\t\t<h2 class=\"elementor-heading-title elementor-size-default\">R\u00e9paration de toiture pr\u00e8s de Teste-de-Buch \u2013 Gironde (33) :\nComptez sur notre savoir-faire !<\/h2>\t\t\t\t<\/div>\n\t\t\t\t<\/div>\n\t\t\t\t<div class=\"elementor-element elementor-element-f7f4350 elementor-widget elementor-widget-text-editor\" data-id=\"f7f4350\" data-element_type=\"widget\" data-widget_type=\"text-editor.default\">\n\t\t\t\t<div class=\"elementor-widget-container\">\n\t\t\t\t\t\t\t\t\tLa r\u00e9paration de toiture demande un savoir-faire technique et une v\u00e9ritable expertise. Elle inclut diverses prestations telles que la r\u00e9novation globale, la recoloration des tuiles, les traitements hydrofuges, mais aussi des services compl\u00e9mentaires comme le d\u00e9moussage, le nettoyage, le ravalement et la peinture de fa\u00e7ade.<br><br>\n\nUne toiture ab\u00eem\u00e9e par les intemp\u00e9ries, les infiltrations ou une exposition prolong\u00e9e au soleil peut vite se d\u00e9t\u00e9riorer. Une intervention rapide permet d\u2019\u00e9viter des dommages plus graves. Toiture Teste-de-Buch est \u00e0 vos c\u00f4t\u00e9s pour tous vos besoins en entretien ou r\u00e9paration.<br><br>\n\nNos couvreurs exp\u00e9riment\u00e9s interviennent 7j\/7 avec les \u00e9quipements adapt\u00e9s, m\u00eame sur les chantiers complexes. Chaque intervention d\u00e9bute par un diagnostic pr\u00e9cis afin de d\u00e9finir la solution la plus efficace.<br><br>\n\nBas\u00e9e \u00e0 Teste-de-Buch, notre entreprise r\u00e9alise vos travaux de couverture dans toute la Gironde (33) et peut \u00e9galement vous accompagner dans vos projets de r\u00e9novation int\u00e9rieure.\t\t\t\t\t\t\t\t<\/div>\n\t\t\t\t<\/div>\n\t\t\t\t<div class=\"elementor-element elementor-element-b49383b elementor-widget elementor-widget-image\" data-id=\"b49383b\" data-element_type=\"widget\" data-widget_type=\"image.default\">\n\t\t\t\t<div class=\"elementor-widget-container\">\n\t\t\t\t\t\t\t\t\t\t\t\t\t\t\t<img fetchpriority=\"high\" decoding=\"async\" width=\"980\" height=\"750\" src=\"https:\/\/www.toiture-teste-de-buch.fr\/wp-content\/uploads\/2025\/06\/Design-sans-titre-65.png\" class=\"attachment-full size-full wp-image-4457\" alt=\"\" srcset=\"https:\/\/www.toiture-teste-de-buch.fr\/wp-content\/uploads\/2025\/06\/Design-sans-titre-65.png 980w, https:\/\/www.toiture-teste-de-buch.fr\/wp-content\/uploads\/2025\/06\/Design-sans-titre-65-300x230.png 300w, https:\/\/www.toiture-teste-de-buch.fr\/wp-content\/uploads\/2025\/06\/Design-sans-titre-65-768x588.png 768w\" sizes=\"(max-width: 980px) 100vw, 980px\" \/>\t\t\t\t\t\t\t\t\t\t\t\t\t\t\t<\/div>\n\t\t\t\t<\/div>\n\t\t\t\t<div class=\"elementor-element elementor-element-7a13e7a5 elementor-widget elementor-widget-heading\" data-id=\"7a13e7a5\" data-element_type=\"widget\" data-widget_type=\"heading.default\">\n\t\t\t\t<div class=\"elementor-widget-container\">\n\t\t\t\t\t<h2 class=\"elementor-heading-title elementor-size-default\">Toiture Teste-de-Buch : Votre partenaire de confiance pour la r\u00e9paration de toiture \u00e0 Teste-de-Buch, Arcachon et dans toute la Gironde (33)<\/h2>\t\t\t\t<\/div>\n\t\t\t\t<\/div>\n\t\t\t\t<div class=\"elementor-element elementor-element-23f07cee elementor-widget elementor-widget-text-editor\" data-id=\"23f07cee\" data-element_type=\"widget\" data-widget_type=\"text-editor.default\">\n\t\t\t\t<div class=\"elementor-widget-container\">\n\t\t\t\t\t\t\t\t\tSp\u00e9cialis\u00e9e dans la r\u00e9paration de toiture, notre entreprise intervient pour entretenir, prot\u00e9ger et restaurer votre couverture. Toiture Teste-de-Buch, implant\u00e9e \u00e0 Teste-de-Buch, met \u00e0 votre service une \u00e9quipe d\u2019artisans qualifi\u00e9s pour r\u00e9aliser tous vos travaux, avec des solutions personnalis\u00e9es, adapt\u00e9es \u00e0 chaque type de toiture et \u00e0 vos besoins sp\u00e9cifiques.\t\t\t\t\t\t\t\t<\/div>\n\t\t\t\t<\/div>\n\t\t\t\t<div class=\"elementor-element elementor-element-d380e83 elementor-widget elementor-widget-text-editor\" data-id=\"d380e83\" data-element_type=\"widget\" data-widget_type=\"text-editor.default\">\n\t\t\t\t<div class=\"elementor-widget-container\">\n\t\t\t\t\t\t\t\t\tSi votre toiture est endommag\u00e9e ou vieillissante, nous pouvons la r\u00e9nover, la recolorer ou la remplacer enti\u00e8rement selon vos besoins. Nous intervenons \u00e9galement pour le nettoyage, le d\u00e9moussage et l\u2019application de traitements hydrofuges afin d\u2019am\u00e9liorer son \u00e9tanch\u00e9it\u00e9 et prolonger sa durabilit\u00e9.<br><br>\n\nLa r\u00e9paration d\u2019une toiture exige un v\u00e9ritable savoir-faire. Pour \u00e9viter que les dommages ne s\u2019aggravent, il est essentiel de faire appel \u00e0 des experts. Avec plus de 10 ans d\u2019exp\u00e9rience, Toiture Teste-de-Buch r\u00e9alise des interventions rapides, efficaces et durables pour pr\u00e9server votre maison.<br><br>\n\nUne toiture n\u00e9glig\u00e9e peut compromettre l\u2019int\u00e9grit\u00e9 de tout votre b\u00e2timent. Faites confiance \u00e0 Toiture Teste-de-Buch pour un r\u00e9sultat soign\u00e9, fiable et durable. Obtenez d\u00e8s maintenant votre devis gratuit et profitez d\u2019une intervention rapide et personnalis\u00e9e.\t\t\t\t\t\t\t\t<\/div>\n\t\t\t\t<\/div>\n\t\t\t\t<\/div>\n\t\t<div class=\"elementor-element elementor-element-484abeb7 e-con-full e-flex e-con e-child\" data-id=\"484abeb7\" data-element_type=\"container\" data-settings=\"{&quot;_ha_eqh_enable&quot;:false}\">\n\t\t<div class=\"elementor-element elementor-element-379f4004 e-con-full e-flex e-con e-child\" data-id=\"379f4004\" data-element_type=\"container\" data-settings=\"{&quot;background_background&quot;:&quot;classic&quot;,&quot;_ha_eqh_enable&quot;:false}\">\n\t\t\t\t<div class=\"elementor-element elementor-element-5c35450a elementor-widget-tablet__width-initial elementor-widget elementor-widget-ehome-contact-form-widget\" data-id=\"5c35450a\" data-element_type=\"widget\" data-widget_type=\"ehome-contact-form-widget.default\">\n\t\t\t\t<div class=\"elementor-widget-container\">\n\t\t\t\t\t\r\n\r\n\t\r\n\r\n\t<div class=\"contact-wrapper\">\r\n\t\t<div class=\"contact-items\">\r\n\t\t\t<h3>DEVIS GRATUIT<\/h3>\r\n\t\t\t\n<div class=\"wpcf7 no-js\" id=\"wpcf7-f2979-o1\" lang=\"en-US\" dir=\"ltr\" data-wpcf7-id=\"2979\">\n<div class=\"screen-reader-response\"><p role=\"status\" aria-live=\"polite\" aria-atomic=\"true\"><\/p> <ul><\/ul><\/div>\n<form action=\"\/index.php?rest_route=%2Fwp%2Fv2%2Fpages%2F3327#wpcf7-f2979-o1\" method=\"post\" class=\"wpcf7-form init\" aria-label=\"Contact form\" novalidate=\"novalidate\" data-status=\"init\">\n<fieldset class=\"hidden-fields-container\"><input type=\"hidden\" name=\"_wpcf7\" value=\"2979\" \/><input type=\"hidden\" name=\"_wpcf7_version\" value=\"6.1.5\" \/><input type=\"hidden\" name=\"_wpcf7_locale\" value=\"en_US\" \/><input type=\"hidden\" name=\"_wpcf7_unit_tag\" value=\"wpcf7-f2979-o1\" \/><input type=\"hidden\" name=\"_wpcf7_container_post\" value=\"0\" \/><input type=\"hidden\" name=\"_wpcf7_posted_data_hash\" value=\"\" \/>\n<\/fieldset>\n<div class=\"row g-4\">\n    <div class=\"col-lg-12 wow fadeInUp\">\n        <div class=\"form-clt\">\n            <span class=\"wpcf7-form-control-wrap\" data-name=\"text-437\"><input size=\"40\" maxlength=\"400\" class=\"wpcf7-form-control wpcf7-text\" aria-invalid=\"false\" placeholder=\"Nom\" value=\"\" type=\"text\" name=\"text-437\" \/><\/span>           \n        <\/div>\n    <\/div>\n  \n    <div class=\"col-lg-12 wow fadeInUp\">\n        <div class=\"form-clt\">\n            <span class=\"wpcf7-form-control-wrap\" data-name=\"tel-478\"><input size=\"40\" maxlength=\"400\" class=\"wpcf7-form-control wpcf7-tel wpcf7-text wpcf7-validates-as-tel\" aria-invalid=\"false\" placeholder=\"T\u00e9l\u00e9phone\" value=\"\" type=\"tel\" name=\"tel-478\" \/><\/span>\n        <\/div>\n    <\/div>\n    <div class=\"col-lg-12 wow fadeInUp\">\n        <div class=\"form-clt\">\n            <span class=\"wpcf7-form-control-wrap\" data-name=\"email-879\"><input size=\"40\" maxlength=\"400\" class=\"wpcf7-form-control wpcf7-email wpcf7-validates-as-required wpcf7-text wpcf7-validates-as-email\" aria-required=\"true\" aria-invalid=\"false\" placeholder=\"Email\" value=\"\" type=\"email\" name=\"email-879\" \/><\/span>\n        <\/div>\n    <\/div>\n    <div class=\"col-lg-12 wow fadeInUp\">\n        <div class=\"form-clt\">\n            <span class=\"wpcf7-form-control-wrap\" data-name=\"textarea-515\"><textarea cols=\"40\" rows=\"10\" maxlength=\"2000\" class=\"wpcf7-form-control wpcf7-textarea\" aria-invalid=\"false\" placeholder=\"Message\" name=\"textarea-515\"><\/textarea><\/span>\n        <\/div>\n    <\/div>\n    <div class=\"col-lg-12 wow fadeInUp\">\n        <button type=\"submit\" class=\"theme-btn w-100\">\n            ENVOYER\n        <\/button>\n    <\/div>\n<\/div><div class=\"wpcf7-response-output\" aria-hidden=\"true\"><\/div>\n<\/form>\n<\/div>\n\t\t<\/div>    \r\n    <\/div>\r\n\r\n\t\r\n\r\n             \r\n\t\t\t\t\t\t<\/div>\n\t\t\t\t<\/div>\n\t\t\t\t<\/div>\n\t\t\t\t<\/div>\n\t\t\t\t\t<\/div>\n\t\t\t\t<\/div>\n\t\t\t\t<\/div>\n\t\t","protected":false},"excerpt":{"rendered":"<p>R\u00e9paration de Toiture Vous habitez Teste-de-Buch ou les alentours et souhaitez faire des travaux sur votre toiture ? Toiture Teste-de-Buch vous accompagne dans tous vos projets de couverture. Qu\u2019il s\u2019agisse d\u2019une r\u00e9paration, d\u2019un entretien ou d\u2019une r\u00e9novation, notre \u00e9quipe exp\u00e9riment\u00e9e vous assure un r\u00e9sultat durable, soign\u00e9 et parfaitement adapt\u00e9 \u00e0 votre toiture et vos besoins.<\/p>\n","protected":false},"author":2,"featured_media":0,"parent":0,"menu_order":0,"comment_status":"closed","ping_status":"closed","template":"elementor_header_footer","meta":{"inline_featured_image":false,"footnotes":""},"class_list":["post-3327","page","type-page","status-publish","hentry"],"aioseo_notices":[],"_links":{"self":[{"href":"https:\/\/www.toiture-teste-de-buch.fr\/index.php?rest_route=\/wp\/v2\/pages\/3327","targetHints":{"allow":["GET"]}}],"collection":[{"href":"https:\/\/www.toiture-teste-de-buch.fr\/index.php?rest_route=\/wp\/v2\/pages"}],"about":[{"href":"https:\/\/www.toiture-teste-de-buch.fr\/index.php?rest_route=\/wp\/v2\/types\/page"}],"author":[{"embeddable":true,"href":"https:\/\/www.toiture-teste-de-buch.fr\/index.php?rest_route=\/wp\/v2\/users\/2"}],"replies":[{"embeddable":true,"href":"https:\/\/www.toiture-teste-de-buch.fr\/index.php?rest_route=%2Fwp%2Fv2%2Fcomments&post=3327"}],"version-history":[{"count":0,"href":"https:\/\/www.toiture-teste-de-buch.fr\/index.php?rest_route=\/wp\/v2\/pages\/3327\/revisions"}],"wp:attachment":[{"href":"https:\/\/www.toiture-teste-de-buch.fr\/index.php?rest_route=%2Fwp%2Fv2%2Fmedia&parent=3327"}],"curies":[{"name":"wp","href":"https:\/\/api.w.org\/{rel}","templated":true}]}}